{"id":989,"date":"2026-04-23T15:53:47","date_gmt":"2026-04-23T14:53:47","guid":{"rendered":"http:\/\/www.ch-ro.nl\/?page_id=989"},"modified":"2026-04-23T15:53:48","modified_gmt":"2026-04-23T14:53:48","slug":"activiteiten-2026","status":"publish","type":"page","link":"http:\/\/www.ch-ro.nl\/?page_id=989","title":{"rendered":"Activiteiten 2026"},"content":{"rendered":"\n<p><strong>Activiteiten 2026 \u2013 Stichting Christenen Helpen Roemeni\u00eb<\/strong><\/p>\n\n\n\n<p>De stichting heeft in 2026 de volgende activiteiten op het programma:<\/p>\n\n\n\n<ul class=\"wp-block-list\">\n<li>Deelname aan zomermarkt, De S\u00fbkerei te Damw\u00e2ld. Verkoop boeken, kaarten en brocante etc. Verspreiding folder stichting t.b.v. werving donateurs. Activiteit in juli.<\/li>\n\n\n\n<li>Flessenactie binnen kerkelijke gemeentes CGK en HHK, verzamelen van emballagebonnen in een melkbus in het kerkgebouw en het ophalen van lege flessen bij adressen in Damw\u00e2ld, Driezum en W\u00e2ltersw\u00e2ld. Activiteit in november.<\/li>\n\n\n\n<li>Regelmatig updaten van de site van de stichting door de sitebeheerder.<\/li>\n\n\n\n<li>Beheer financi\u00ebn, waaronder de maandelijkse inning van de donateursgelden door de penningmeester. Aanmaak van het financieel jaaroverzicht.<\/li>\n<\/ul>\n\n\n\n<p>Ten behoeve van de activiteiten worden meldingen gedaan in de kerkelijke bladen van betrokken kerkelijke gemeentes. Waaronder melding van de data waarop activiteiten zullen plaatsvinden en melding van financi\u00eble opbrengsten.<\/p>\n\n\n\n<p>Het bestuur komt periodiek (minimaal vier keer per jaar) of extra keren bij elkaar om de belangen aangaande de stichting en het werk te behartigen. De secretaris maakt van voornoemde vergaderingen notulen.<\/p>\n\n\n\n<p>De voorzitter heeft gedurende het jaar geregeld contact via telefoon of mail<br>met betrokkenen in Roemeni\u00eb over de gang en stand van zaken en doet<br>daarvan verslag op de bestuursvergadering.<\/p>\n\n\n\n<p>Aldus vastgesteld in de bestuursvergadering van 24 februari 2026.<\/p>\n\n\n\n<p><\/p>\n","protected":false},"excerpt":{"rendered":"<p>Activiteiten 2026 \u2013 Stichting Christenen Helpen Roemeni\u00eb De stichting heeft in 2026 de volgende activiteiten op het programma: Ten behoeve van de activiteiten worden meldingen gedaan in de kerkelijke bladen van betrokken kerkelijke gemeentes. Waaronder melding van de data waarop activiteiten zullen plaatsvinden en melding van financi\u00eble opbrengsten. Het bestuur komt periodiek (minimaal vier keer per jaar) of extra keren &hellip; <\/p>\n","protected":false},"author":7,"featured_media":0,"parent":0,"menu_order":0,"comment_status":"closed","ping_status":"closed","template":"","meta":{"ngg_post_thumbnail":0,"footnotes":""},"class_list":["post-989","page","type-page","status-publish","hentry"],"jetpack_sharing_enabled":true,"_links":{"self":[{"href":"http:\/\/www.ch-ro.nl\/index.php?rest_route=\/wp\/v2\/pages\/989","targetHints":{"allow":["GET"]}}],"collection":[{"href":"http:\/\/www.ch-ro.nl\/index.php?rest_route=\/wp\/v2\/pages"}],"about":[{"href":"http:\/\/www.ch-ro.nl\/index.php?rest_route=\/wp\/v2\/types\/page"}],"author":[{"embeddable":true,"href":"http:\/\/www.ch-ro.nl\/index.php?rest_route=\/wp\/v2\/users\/7"}],"replies":[{"embeddable":true,"href":"http:\/\/www.ch-ro.nl\/index.php?rest_route=%2Fwp%2Fv2%2Fcomments&post=989"}],"version-history":[{"count":1,"href":"http:\/\/www.ch-ro.nl\/index.php?rest_route=\/wp\/v2\/pages\/989\/revisions"}],"predecessor-version":[{"id":990,"href":"http:\/\/www.ch-ro.nl\/index.php?rest_route=\/wp\/v2\/pages\/989\/revisions\/990"}],"wp:attachment":[{"href":"http:\/\/www.ch-ro.nl\/index.php?rest_route=%2Fwp%2Fv2%2Fmedia&parent=989"}],"curies":[{"name":"wp","href":"https:\/\/api.w.org\/{rel}","templated":true}]}}