{"id":963,"date":"2025-11-25T21:35:00","date_gmt":"2025-11-25T20:35:00","guid":{"rendered":"http:\/\/www.ch-ro.nl\/?page_id=963"},"modified":"2025-11-25T21:35:01","modified_gmt":"2025-11-25T20:35:01","slug":"flessenactie-2024","status":"publish","type":"page","link":"http:\/\/www.ch-ro.nl\/?page_id=963","title":{"rendered":"Flessenactie 2024"},"content":{"rendered":"\n<p>In november hebben we als stichting binnen de kerkelijke gemeenten van de CGK en HHK een flessenactie georganiseerd. In de benedenhal van de Sionskerk te Damw\u00e2ld was een \u2018melkbus\u2019 geplaatst waarin emballagebonnetjes konden worden gedeponeerd. Daarnaast hebben de bestuursleden van 25 tot en met 30 november bij de kerkelijke adressen in de dorpen Damw\u00e2ld, Driezum en W\u00e2ltersw\u00e2ld lege<br>flessen opgehaald. De actie bleek een succes en bracht uiteindelijk 601,80 euro op. Dit is inclusief alle andere giften, zoals contant of die via de bankrekening van onze stichting zijn binnengekomen.<\/p>\n","protected":false},"excerpt":{"rendered":"<p>In november hebben we als stichting binnen de kerkelijke gemeenten van de CGK en HHK een flessenactie georganiseerd. In de benedenhal van de Sionskerk te Damw\u00e2ld was een \u2018melkbus\u2019 geplaatst waarin emballagebonnetjes konden worden gedeponeerd. Daarnaast hebben de bestuursleden van 25 tot en met 30 november bij de kerkelijke adressen in de dorpen Damw\u00e2ld, Driezum en W\u00e2ltersw\u00e2ld legeflessen opgehaald. De &hellip; <\/p>\n","protected":false},"author":6,"featured_media":0,"parent":0,"menu_order":0,"comment_status":"closed","ping_status":"closed","template":"","meta":{"ngg_post_thumbnail":0,"footnotes":""},"class_list":["post-963","page","type-page","status-publish","hentry"],"jetpack_sharing_enabled":true,"_links":{"self":[{"href":"http:\/\/www.ch-ro.nl\/index.php?rest_route=\/wp\/v2\/pages\/963","targetHints":{"allow":["GET"]}}],"collection":[{"href":"http:\/\/www.ch-ro.nl\/index.php?rest_route=\/wp\/v2\/pages"}],"about":[{"href":"http:\/\/www.ch-ro.nl\/index.php?rest_route=\/wp\/v2\/types\/page"}],"author":[{"embeddable":true,"href":"http:\/\/www.ch-ro.nl\/index.php?rest_route=\/wp\/v2\/users\/6"}],"replies":[{"embeddable":true,"href":"http:\/\/www.ch-ro.nl\/index.php?rest_route=%2Fwp%2Fv2%2Fcomments&post=963"}],"version-history":[{"count":1,"href":"http:\/\/www.ch-ro.nl\/index.php?rest_route=\/wp\/v2\/pages\/963\/revisions"}],"predecessor-version":[{"id":964,"href":"http:\/\/www.ch-ro.nl\/index.php?rest_route=\/wp\/v2\/pages\/963\/revisions\/964"}],"wp:attachment":[{"href":"http:\/\/www.ch-ro.nl\/index.php?rest_route=%2Fwp%2Fv2%2Fmedia&parent=963"}],"curies":[{"name":"wp","href":"https:\/\/api.w.org\/{rel}","templated":true}]}}