{"id":912,"date":"2025-06-30T19:09:37","date_gmt":"2025-06-30T18:09:37","guid":{"rendered":"http:\/\/www.ch-ro.nl\/?page_id=912"},"modified":"2025-06-30T19:09:37","modified_gmt":"2025-06-30T18:09:37","slug":"activiteiten-2025","status":"publish","type":"page","link":"http:\/\/www.ch-ro.nl\/?page_id=912","title":{"rendered":"Activiteiten 2025"},"content":{"rendered":"\n<p><strong>Activiteiten 2025 \u2013 Stichting Christenen Helpen Roemeni\u00eb<\/strong><\/p>\n\n\n\n<p>De stichting heeft in 2025 de volgende activiteiten op het programma:<\/p>\n\n\n\n<ul class=\"wp-block-list\">\n<li>Voorbereiding presentatie op zangavond Sjalom.<br>Opvragen en selecteren van foto\u2019s t.b.v. presentatie en vaststelling<br>van het gesprokene en het regelen van de beamer techniek bij de<br>presentatie<\/li>\n\n\n\n<li>Presentatie bij zangavond Sjalom op 28 maart 2025<\/li>\n\n\n\n<li>Deelname aan zomermarkt, De Sukerei op 12 juli 2025<br>Verkoop boeken, kaarten en brocante etc. Verspreiding folder<br>stichting t.b.v. werving donateurs.<\/li>\n\n\n\n<li>Flessenactie binnen kerkelijke gemeentes CGK en HHK, verzamelen<br>van emballagebonnen in een melkbus in het kerkgebouw en het<br>ophalen van lege flessen bij adressen in Damw\u00e2ld, Driezum en<br>W\u00e2ltersw\u00e2ld. Activiteit in november 2025.<\/li>\n\n\n\n<li>Regelmatig updaten van de site van de stichting door de<br>sitebeheerder.<\/li>\n\n\n\n<li>Maandelijkse inning van de donateursgelden door de<br>penningmeester.<\/li>\n<\/ul>\n\n\n\n<p>Ten behoeve van de activiteiten worden meldingen gedaan in de kerkelijke<br>bladen van betrokken kerkelijke gemeentes. Waaronder melding van de<br>data waarop activiteiten zullen plaatsvinden en melding van financi\u00eble<br>opbrengsten.<\/p>\n\n\n\n<p>Het bestuur komt periodiek (minimaal vier keer per jaar) of extra keren bij<br>elkaar om de belangen aangaande de stichting en het werk te behartigen.<br>Aldus vastgesteld in de bestuursvergadering van 15 mei 2025.<\/p>\n","protected":false},"excerpt":{"rendered":"<p>Activiteiten 2025 \u2013 Stichting Christenen Helpen Roemeni\u00eb De stichting heeft in 2025 de volgende activiteiten op het programma: Ten behoeve van de activiteiten worden meldingen gedaan in de kerkelijkebladen van betrokken kerkelijke gemeentes. Waaronder melding van dedata waarop activiteiten zullen plaatsvinden en melding van financi\u00ebleopbrengsten. Het bestuur komt periodiek (minimaal vier keer per jaar) of extra keren bijelkaar om de &hellip; <\/p>\n","protected":false},"author":6,"featured_media":0,"parent":0,"menu_order":0,"comment_status":"closed","ping_status":"closed","template":"","meta":{"ngg_post_thumbnail":0,"footnotes":""},"class_list":["post-912","page","type-page","status-publish","hentry"],"jetpack_sharing_enabled":true,"_links":{"self":[{"href":"http:\/\/www.ch-ro.nl\/index.php?rest_route=\/wp\/v2\/pages\/912","targetHints":{"allow":["GET"]}}],"collection":[{"href":"http:\/\/www.ch-ro.nl\/index.php?rest_route=\/wp\/v2\/pages"}],"about":[{"href":"http:\/\/www.ch-ro.nl\/index.php?rest_route=\/wp\/v2\/types\/page"}],"author":[{"embeddable":true,"href":"http:\/\/www.ch-ro.nl\/index.php?rest_route=\/wp\/v2\/users\/6"}],"replies":[{"embeddable":true,"href":"http:\/\/www.ch-ro.nl\/index.php?rest_route=%2Fwp%2Fv2%2Fcomments&post=912"}],"version-history":[{"count":1,"href":"http:\/\/www.ch-ro.nl\/index.php?rest_route=\/wp\/v2\/pages\/912\/revisions"}],"predecessor-version":[{"id":913,"href":"http:\/\/www.ch-ro.nl\/index.php?rest_route=\/wp\/v2\/pages\/912\/revisions\/913"}],"wp:attachment":[{"href":"http:\/\/www.ch-ro.nl\/index.php?rest_route=%2Fwp%2Fv2%2Fmedia&parent=912"}],"curies":[{"name":"wp","href":"https:\/\/api.w.org\/{rel}","templated":true}]}}