{"id":893,"date":"2025-01-02T10:14:23","date_gmt":"2025-01-02T09:14:23","guid":{"rendered":"http:\/\/www.ch-ro.nl\/?page_id=893"},"modified":"2025-01-02T10:15:11","modified_gmt":"2025-01-02T09:15:11","slug":"flessenactie-2023","status":"publish","type":"page","link":"http:\/\/www.ch-ro.nl\/?page_id=893","title":{"rendered":"Flessenactie 2023"},"content":{"rendered":"\n<p>In november hebben we als stichting binnen de kerkelijke gemeenten van de CGK en<br>HHK een flessenactie georganiseerd. In de beneden van de Sionskerk te Damw\u00e2ld<br>was een \u2018colafles\u2019 geplaatst waarin emballagebonnetjes konden worden<br>gedeponeerd. Daarnaast hebben de bestuursleden van 20 tot en met 25 november<br>bij de kerkelijke adressen in de dorpen Damw\u00e2ld, Driezum en W\u00e2ltersw\u00e2ld lege<br>flessen opgehaald. De actie bleek een succes en bracht 403,95 euro op. Dit is<br>inclusief alle andere giften, zoals contant of die via de bankrekening van onze<br>stichting zijn binnengekomen.<\/p>\n","protected":false},"excerpt":{"rendered":"<p>In november hebben we als stichting binnen de kerkelijke gemeenten van de CGK enHHK een flessenactie georganiseerd. In de beneden van de Sionskerk te Damw\u00e2ldwas een \u2018colafles\u2019 geplaatst waarin emballagebonnetjes konden wordengedeponeerd. Daarnaast hebben de bestuursleden van 20 tot en met 25 novemberbij de kerkelijke adressen in de dorpen Damw\u00e2ld, Driezum en W\u00e2ltersw\u00e2ld legeflessen opgehaald. De actie bleek een succes &hellip; <\/p>\n","protected":false},"author":6,"featured_media":0,"parent":0,"menu_order":0,"comment_status":"closed","ping_status":"closed","template":"","meta":{"ngg_post_thumbnail":0,"footnotes":""},"class_list":["post-893","page","type-page","status-publish","hentry"],"jetpack_sharing_enabled":true,"_links":{"self":[{"href":"http:\/\/www.ch-ro.nl\/index.php?rest_route=\/wp\/v2\/pages\/893","targetHints":{"allow":["GET"]}}],"collection":[{"href":"http:\/\/www.ch-ro.nl\/index.php?rest_route=\/wp\/v2\/pages"}],"about":[{"href":"http:\/\/www.ch-ro.nl\/index.php?rest_route=\/wp\/v2\/types\/page"}],"author":[{"embeddable":true,"href":"http:\/\/www.ch-ro.nl\/index.php?rest_route=\/wp\/v2\/users\/6"}],"replies":[{"embeddable":true,"href":"http:\/\/www.ch-ro.nl\/index.php?rest_route=%2Fwp%2Fv2%2Fcomments&post=893"}],"version-history":[{"count":1,"href":"http:\/\/www.ch-ro.nl\/index.php?rest_route=\/wp\/v2\/pages\/893\/revisions"}],"predecessor-version":[{"id":894,"href":"http:\/\/www.ch-ro.nl\/index.php?rest_route=\/wp\/v2\/pages\/893\/revisions\/894"}],"wp:attachment":[{"href":"http:\/\/www.ch-ro.nl\/index.php?rest_route=%2Fwp%2Fv2%2Fmedia&parent=893"}],"curies":[{"name":"wp","href":"https:\/\/api.w.org\/{rel}","templated":true}]}}