{"id":75,"date":"2018-11-05T21:43:39","date_gmt":"2018-11-05T21:43:39","guid":{"rendered":"http:\/\/www.ch-ro.nl\/?page_id=75"},"modified":"2018-11-10T15:54:05","modified_gmt":"2018-11-10T14:54:05","slug":"werkbezoek-2018","status":"publish","type":"page","link":"http:\/\/www.ch-ro.nl\/?page_id=75","title":{"rendered":"Werkbezoek 2018"},"content":{"rendered":"<p><strong>Een reis met verrassingen<\/strong><\/p>\n<p><strong>Maandag<\/strong>17 september, &#8216; s ochtends om half 7 is het dan zover.<br \/>\nJan zwaait Rommie gedag, stapt in de auto en rijdt de Ringhersmastrjitte in. Annie staat klaar en samen zetten we koers naar Oane. De Tsjerkeloane is opgebroken, we moeten omrijden, en dan op naar Andr\u00e9 in Kootstertille. \u201cJan, waar rijd je nou toch langs?\u201d \u201cDit is een verrassingstocht\u201d, zegt Jan lachend. Nu, dat is het ook geworden. Gaat u met ons mee?<\/p>\n<p>Bij Andr\u00e9 en Marja vragen we eerst de HEERE om Zijn nabijheid en Zijn zegen over deze reis.<br \/>\nDe ons welbekende &#8217;tante Truus&#8217; nemen we ook mee. Voor wie haar nog niet kent: tante Truus navigeert. We stellen haar in op M\u011bln\u00edk in Tsjechi\u00eb, onze eerste overnachting. Maar zover is het nog niet; om \u00b1 9.00 uur een koffiestop. De zon komt op, dit zou wel eens een mooie dag kunnen worden.<br \/>\nTante Truus teemt: \u201cEr bevinden zich obstakels op uw rijbaan\u201d. Veel obstakels! De wegenbouw geeft veel oponthoud, maar dat mag de pret niet drukken. Net over de grens van Tsjechi\u00eb: Oei! De tank bijna leeg; waar staat de volgende benzinepomp?<br \/>\nHalen we het, of wordt het duwen? Gelukkig, met een volle tank rijden we weer verder. Tante Truus laat ook van zich horen: \u201cDe weg volgen\u201d. (ja natuurlijk, had u het anders gedacht?) M\u011bln\u00edk is gemakkelijk te vinden, maar de straat?<br \/>\nBij tante Truus onbekend. Op een boekingssite is ingetoetst: Het Mariohotel in M\u011bln\u00edk in Tsjechi\u00eb. Jan heeft de boekings-bevestiging ontvangen. \u201cU bent van harte welkom in ons prachtig hotel in M\u011bln\u00edk\u201d. Wat is er gebeurd? Achter de schermen is een computerduiveltje bezig geweest en heeft stiekem doorgelinkt naar &#8230;&#8230;. ons prachtig hotel in M\u011bln\u00edk in &#8230;&#8230;&#8230;&#8230;&#8230;Bulgarije. Heb dat maar es in de gaten. Ongemerkt wordt je dus zomaar doorgelinkt. (of eh&#8230;.. verlinkt?)<br \/>\nWel, dan maar naar Praag, dat is niet zover van M\u011bln\u00edk verwijderd. Daar vinden we het Jana-hotel. We kunnen er wel terecht voor de nacht, maar voor ons avondeten moeten we naar een nabijgelegen restaurant. O, die taal! Met een mondjevol Engels en een beetje Duits bestellen we een Schnitzel met toebehoren. Het toetje klinkt ons bekender in de oren: \u010cocol\u00e1dov\u00e1, met nog wat.<br \/>\nDat moet chocolade met slagroom zijn. Lekker!<\/p>\n<p>De <strong>volgende ochtend<\/strong> vertrekken we na een stevig ontbijt.<br \/>\nWe hebben een lange reis voor de boeg naar Nagyk\u00f3r\u00f6s in Hongarije. De fam. Rosandos runt er een gasthuis. Daar aangekomen bellen we netjes aan. Er wordt niet opengedaan, de deur is op slot en we zien er geen mens. Dan maar telefonisch contact zoeken. We krijgen de naastwonende dochter aan de lijn. Haar ouders zijn naar de winkel, we mogen wel in de tuin wachten. Het is er goed toeven, maar ook nu moeten we voor ons diner een restaurant opzoeken.<br \/>\nEn laten we daar nou mensen uit Groningen tegenkomen. Voor Jan ook wel leuk: kunnen ze Grunnings proaten.<br \/>\nDe volgende ochtend na een ontbijt met h\u00e9\u00e9l veel roerei zetten we koers naar Biborteni. Aanwijzing van tante Truus: \u201crijdt 161 km.\u201d. Hilariteit alom. Max. snelheid op deze weg = 80 km.<\/p>\n<p>De grens van Roemeni\u00eb gepasseerd betekent: de klok 1 uur vooruit zetten. Ook ons reiswekkertje in de handbagage wordt 1 uur vooruit gezet.<br \/>\nHier en daar is een stuk snelweg gereed maar nog niet helemaal, we moeten nog gebruik maken van de oude weg.<br \/>\nEn d\u00e1\u00e1r zijn ze \u00f3\u00f3k met wegrestauratie bezig! Niet zo handig. Dus ook nu hebben we weer veel obstakels en veel file.<br \/>\nOndertussen bellen we met Leona: \u201creken maar niet op ons met het avondeten, we eten onderweg wel wat\u201d.<br \/>\nOok in Roemeni\u00eb hebben ze veel droogte ondervonden.<br \/>\nDe gewassen op het land staan er niet goed voor.<br \/>\nDe zonnebloemen, (nodig voor de olie) zijn veel kleiner dan normaal. Ook de ma\u00efs laat zich niet goed aanzien.<br \/>\nTerwijl we door dit landbouwgebied rijden met toch een redelijke snelheid zien we plotseling uit het ma\u00efs een grote zwerm vogels de weg overvliegen. We kunnen ze jammer genoeg niet allemaal ontwijken, een paar vogels klappen tegen de auto. Wat voor vogels het zijn? Voor mussen lijken ze te groot, te klein om voor lijsters te worden aangezien.<br \/>\nHet zijn &#8230;&#8230;.. blindevinken? Om half 10 rijden we Biborteni binnen en worden heel hartelijk welkom geheten door Barna en Leona. De koffie en koek staat voor ons klaar. We zijn thuis!<\/p>\n<p><strong>Donderdagochtend<\/strong><br \/>\nIn het nabijgelegen stadje Baraolt staat een heel mooie Reformatusch-kerk, met geldelijke steun van de Chr. Geref. kerk van Goes gebouwd. Dit willen Andr\u00e9 en Oane ook wel zien. Leona kan niet met ons mee om te tolken, maar geen probleem. We bellen aan bij de plaatselijke predikant, door Leona van ons bezoek op de hoogte gebracht, en krijgen een rondleiding in gedeeltelijk Engels, een beetje Duits met enkele woorden in het Nederlands. Hij was zelf in Nederland geweest. In Friesland? Ja ook, hij had kennissen in Surhuisterveen. De wereld is maar klein.<\/p>\n<p><img loading=\"lazy\" decoding=\"async\" class=\"size-medium wp-image-230 alignright\" src=\"http:\/\/www.ch-ro.nl\/wp-content\/uploads\/2018\/11\/2018-09-29_144606-169x300.jpeg\" alt=\"\" width=\"169\" height=\"300\" srcset=\"http:\/\/www.ch-ro.nl\/wp-content\/uploads\/2018\/11\/2018-09-29_144606-169x300.jpeg 169w, http:\/\/www.ch-ro.nl\/wp-content\/uploads\/2018\/11\/2018-09-29_144606-768x1365.jpeg 768w, http:\/\/www.ch-ro.nl\/wp-content\/uploads\/2018\/11\/2018-09-29_144606-576x1024.jpeg 576w, http:\/\/www.ch-ro.nl\/wp-content\/uploads\/2018\/11\/2018-09-29_144606.jpeg 900w\" sizes=\"auto, (max-width: 169px) 100vw, 169px\" \/>&#8217;s Middags staat een bezoek aan onze &#8216;adoptie-oma&#8217; gepland. Nu gaan Barna en Leona w\u00e9l mee. Oma woont met haar achterkleindochter Editke niet meer in haar eigen huisje. Ze is inmiddels 87 jaar, ziek en erg zwak. Een jonge vrouw met 2 inwonende kinderen, uit hetzelfde dorp, heeft Oma en Editke in huis genomen. De man van de jonge vrouw is een half jaar geleden veroordeeld tot 6 jaar gevangenisstraf. Editke is bijna 18 jaar en had graag willen leren voor kapster. Dat mocht helaas niet zo zijn, ze werkt nu op het aardappelland. Het is allemaal heel triest en u begrijpt dat deze jonge vrouw de steun van Barna en Leona hard nodig heeft nu ze een dubbele taak op zich genomen heeft. We rijden nog even langs het nu leegstaande vervallen krot van Oma. We zijn des te meer dankbaar dat deze jonge vrouw &#8216;onze&#8217; Oma en Editke met zoveel liefde verzorgt.<\/p>\n<p>&#8217;s Avonds hebben Barna en Leona hun eigen afspraken en we vermaken ons met een gezelschap spelletje, van thuis meegenomen. Wat dacht u van &#8216;Elfstedentochtspel&#8217;?<\/p>\n<p><strong>Vrijdag en zaterdag<\/strong> is er op het erf van Barna en Leona verkoop van overtollige kleding en andere goederen van 10.00 \u2013 16.00 uur. Al heel vroeg zijn een aantal vrouwen bezig om dozen met kleding buiten uit te stallen.<\/p>\n<div style=\"width: 640px;\" class=\"wp-video\"><video class=\"wp-video-shortcode\" id=\"video-75-1\" width=\"640\" height=\"352\" preload=\"metadata\" controls=\"controls\"><source type=\"video\/mp4\" src=\"http:\/\/www.ch-ro.nl\/wp-content\/uploads\/2018\/11\/2018-10-25_10.32.49.mp4?_=1\" \/><a href=\"http:\/\/www.ch-ro.nl\/wp-content\/uploads\/2018\/11\/2018-10-25_10.32.49.mp4\">http:\/\/www.ch-ro.nl\/wp-content\/uploads\/2018\/11\/2018-10-25_10.32.49.mp4<\/a><\/video><\/div>\n<p>Het is stralend weer met een temperatuur van 25 graden. Wij genieten ervan om te zien hoe de Roemeense bevolking wat van hun gading is bijeen scharrelt. Naast kleding zijn er ook matrassen, dekbedden en nog veel meer te koop. Het is niet de zigeunerbevolking wat hier komt kopen; zij ontvangen wat ze nodig hebben voor niets. Immers kunnen zij het niet betalen. De lokale bevolking w\u00e9l.<\/p>\n<p>Terwijl Barna en Leona vrijdagmiddag druk bezig zijn, brengen we een bezoek aan ds. Bal\u00e1zs Zolt\u00e1n en zijn vrouw in het nabijgelegen dorp Brad\u00fct. We treffen het: dominee is thuis, maar oh die taalbarri\u00e8re. We worden ontvangen in &#8230;&#8230;&#8230;.de kerkenraadskamer? Is dit een diakonievergadering? We zien 2 mannen geld tellen, terwijl ds. telefoneert. Al spoedig worden we genodigd in de pastorie en komt er een jongeman binnen.<br \/>\nEen tolk. \u201cSprechen Sie Deutsch\u201d? \u201cNein\u201d, zegt hij glimlachend. O, dat wordt lastig. \u201cEnglisch\u201d?<br \/>\nWeer schudt hij zijn hoofd. En met een hartelijke lach klinkt het: \u201cIk spreek Nederlands\u201d.<br \/>\nHelemaal top! Er ontwikkelt zich een geanimeerd gesprek terwijl we door mevr. worden voorzien van koffie en koek. Ondertussen komen \u00b1 20 kinderen het lokaal binnen voor de catechisatieles. Wij moeten ze even begroeten. Ze gaan enkele liederen voor ons zingen en de geloofsbelijdenis wordt uit het hoofd gezamenlijk opgezegd. De jongste van deze groep schatten we op 8 \u00e1 9 jaar, de oudste rond de 12 jaar.<br \/>\nDan krijgen de kinderen vrijaf, want ds. heeft bezoek.<br \/>\nHet gaat een beetje anders dan bij ons.<\/p>\n<p><strong>Zaterdagmiddag<\/strong><\/p>\n<p><img loading=\"lazy\" decoding=\"async\" class=\"size-medium wp-image-231 alignleft\" src=\"http:\/\/www.ch-ro.nl\/wp-content\/uploads\/2018\/11\/2018-10-26_19.45.29-225x300.jpeg\" alt=\"\" width=\"225\" height=\"300\" srcset=\"http:\/\/www.ch-ro.nl\/wp-content\/uploads\/2018\/11\/2018-10-26_19.45.29-225x300.jpeg 225w, http:\/\/www.ch-ro.nl\/wp-content\/uploads\/2018\/11\/2018-10-26_19.45.29-768x1024.jpeg 768w, http:\/\/www.ch-ro.nl\/wp-content\/uploads\/2018\/11\/2018-10-26_19.45.29.jpeg 1200w\" sizes=\"auto, (max-width: 225px) 100vw, 225px\" \/>De 2e verkoopdag brengen we een bezoek aan Lacul Sfantu Ana, ofwel het St. Ana-meer. Ten gevolge van een vulkaanuitbarsting is daar een diepe krater ontstaan, wat zich met water heeft gevuld. Rondom dat meer is een zeer bosrijk gebied waarin beren leven. We maken een wandeling van \u00b1 drie kwartier om het hele meer heen. We zien geen beren, en ze zien ons, denken wij, ook niet. Grapje? Het is heus waar dat er beren rondstruinen. Onlangs hebben ze nog een aantal schapen gedood.<\/p>\n<p>Deze twee dagen is er door Barna en Leona met hun helpsters h\u00e9\u00e9l veel werk verzet.<br \/>\nOpbrengst? \u20ac 860,- Dat geld wordt besteed aan hun project.<br \/>\nDe schuur is voor de helft omgebouwd tot conferentiezaal + slaapgelegenheid. De jeugd van onze gemeente heeft daaraan meegebouwd, weet u het nog? Nu de andere helft van de schuur nog. Zodat dit gebouw ook als vakantiekamp voor kinderen kan worden gebruikt. In de eerste plaats is zo&#8217;n vakantieweek bedoeld om de kinderen bekend te maken met het Evangelie.<\/p>\n<p>&nbsp;<\/p>\n<p><strong>Zondagochtend<\/strong><\/p>\n<p>Barna leidt een kerkdienst in Naggybacon. De Schriftlezing is Joh. 2 : 1 \u2013 5. De bruiloft te Kana.<br \/>\nMet name vers 5 wordt extra belicht. &#8217;t Is goed dat Leona vertaalt in het Duits. Na de dienst wordt Jan gevraagd de gemeente toe te spreken. Daarna zingen wij Ps. 133 : 1 en 3.<br \/>\nBarna leest deze Psalm in de onberijmde versie, zo weten de mensen wat we gezongen hebben.<br \/>\nDit kerkje is door de zigeunerbevolking zelf gebouwd en geschilderd. Dat laatste was snel-snel en niet zo erg netjes gedaan. De zigeuners kwamen daarna klagen bij Leona.<br \/>\n\u201cWe moeten van Barna alles overdoen\u201d. Barna had gezegd: \u201cDit is Gods huis, het moet er mooi uitzien\u201d.<br \/>\nAchter de kerk is een speelplaats voor de kinderen gemaakt. Gedurende \u00e9\u00e9n week per jaar is er voor de kinderen uit Naggybacon een Evangelisatieprogramma en krijgen ze iedere dag een warme maaltijd.<\/p>\n<p><strong>Zondagmiddag<\/strong> houdt Barna een bijbellezing in R\u00e1kos (zigeunerdorp). Wij gaan mee. Het is teleurstellend dat er z\u00f3 weinig mensen komen. Een handjevol. De reden daarvan? Veel mannen werken in de zomermaanden elders en zijn dus niet thuis. &#8217;s Winters zijn er meer mensen aanwezig.<br \/>\nBarna en Leona zijn nu 13 jaar bezig in deze zigeunerdorpen. Ze vinden troost in het woord van de Heere Jezus, in Joh. 4 : 35 \u2013 38. Al is het ook wel eens moeilijk als ze merken dat de vrucht op hun prediking (nog) uitblijft. Zij zijn geroepen om te zaaien. Een ander, na hen, zou mogen maaien? Dan zal er voor beiden toch vreugde zijn.<\/p>\n<p><strong>Maandag<\/strong>, de laatste dag bij Barna en Leona. Er moeten toch wat souvenirs worden ingekocht. Dus op naar Brasov. Het is koud en regenachtig. Guur weer! Het bepaalt ons des te meer bij onze afhankelijkheid van onze Schepper, Die de zon doet schijnen, maar ook regen geeft op Zijn tijd. Terugdenkend aan de kledingverkoop, wat immers in de open lucht moest plaatsvinden, stemt het tot dankbaarheid voor het prachtige weer wat we vrijdag en zaterdag mochten hebben.<br \/>\nWe zijn niet lang in Brasov gebleven, maar hebben een bezoek gebracht aan een hypermodern ski-oord. Ook dat is Roemeni\u00eb: een land van opkomende rijkdom en groeiende economie, maar ook een land van diep schrijnende armoe en hartverscheurende leefomstandigheden.<\/p>\n<p>Zo breekt op dinsdagochtend de tijd aan dat we afscheid moeten nemen van Barna en Leona. Met de hartelijke groeten aan onze familie in Nederland zetten we koers naar Kecskem\u00e9t in Hongarije. Bij het passeren van de grens zetten we onze horloges weer een uur terug. Ons reiswekkertje niet, dat zit in de koffer.<br \/>\nHet Juniperushotel is ons nachtverblijf. Voor ons diner gaan we naar Pizzeria Max. Het is hier alles max. De pizza&#8217;s zijn ook van maxi-formaat. En daar het oog groter is dan de maag&#8230;&#8230;. Het restant krijgen we mee in een doos. Terug bij het hotel zien we een jonge vrouw het hotel uitkomen.<br \/>\n\u201cM\u00f6gen Sie eine Pizza? Pizza Hawa\u00ef? oder eine Pizza Tuna\u201d? Ze lacht er vrolijk om. \u201cNein danke\u201d. Ze kan de grap wel waarderen.<\/p>\n<p><strong>Woensdagochtend<\/strong> 7 uur ontbijt. 6 uur opstaan.<br \/>\nHet wekkertje wordt uit de koffer gehaald en ingesteld.<br \/>\nWe gaan slapen, maar onze slaap wordt wreed verstoord:<br \/>\npiep-piep-piep-piep piep-piep-piep-piep. Gauw onder de douche.<br \/>\nHoe laat \u00eds het eigenlijk? Wat dacht u? We waren wat vergeten en daardoor wel erg vroeg uit de veren. We zetten koers naar Praag, onze laatste overnachting.<\/p>\n<p><strong>Donderdag<\/strong> het laatste deel van onze terugtocht. In Groningen aangekomen zien we een lange, lange file staan. We nemen een alternatieve route, terwijl we de laatste versnaperingen uit onze voorraadtas verorberen.<\/p>\n<p>We mogen weer behouden thuiskomen.<br \/>\nDe HEERE heeft ons geleid en bewaard.<br \/>\nHem zij daarvoor dank en eer.<\/p>\n<p>Wilt u het werk van Barna en Leona en onze stichting steunen? In de eerste plaats is uw gebed nodig. Maar ook financieel kunnen we niet zonder hulp. Steunt u ons met <strong>uw gift op rek nr. NL 79 RABO 0362243387 t.n.v. Christen Helpen Roemeni\u00eb<\/strong>.<br \/>\nWilt u ook Judith bijstaan in haar zorg voor Oma en Editke, doneert u dan op bovenstaand rek. nr. met vermelding van &#8216;Oma-foundation&#8217;.<\/p>\n<p>Namens onze broeders en zusters in Roemeni\u00eb, heel hartelijk dank.<\/p>\n<p>Stichting Christenen helpen Roemeni\u00eb.<\/p>\n<p>&nbsp;<\/p>\n<p>\/\/ meer foto&#8217;s binnenkort in het foto album!<\/p>\n","protected":false},"excerpt":{"rendered":"<p>Een reis met verrassingen Maandag17 september, &#8216; s ochtends om half 7 is het dan zover. Jan zwaait Rommie gedag, stapt in de auto en rijdt de Ringhersmastrjitte in. Annie staat klaar en samen zetten we koers naar Oane. De Tsjerkeloane is opgebroken, we moeten omrijden, en dan op naar Andr\u00e9 in Kootstertille. \u201cJan, waar rijd je nou toch langs?\u201d &hellip; <\/p>\n","protected":false},"author":6,"featured_media":0,"parent":81,"menu_order":0,"comment_status":"closed","ping_status":"closed","template":"","meta":{"ngg_post_thumbnail":0,"footnotes":""},"class_list":["post-75","page","type-page","status-publish","hentry"],"jetpack_sharing_enabled":true,"_links":{"self":[{"href":"http:\/\/www.ch-ro.nl\/index.php?rest_route=\/wp\/v2\/pages\/75","targetHints":{"allow":["GET"]}}],"collection":[{"href":"http:\/\/www.ch-ro.nl\/index.php?rest_route=\/wp\/v2\/pages"}],"about":[{"href":"http:\/\/www.ch-ro.nl\/index.php?rest_route=\/wp\/v2\/types\/page"}],"author":[{"embeddable":true,"href":"http:\/\/www.ch-ro.nl\/index.php?rest_route=\/wp\/v2\/users\/6"}],"replies":[{"embeddable":true,"href":"http:\/\/www.ch-ro.nl\/index.php?rest_route=%2Fwp%2Fv2%2Fcomments&post=75"}],"version-history":[{"count":8,"href":"http:\/\/www.ch-ro.nl\/index.php?rest_route=\/wp\/v2\/pages\/75\/revisions"}],"predecessor-version":[{"id":233,"href":"http:\/\/www.ch-ro.nl\/index.php?rest_route=\/wp\/v2\/pages\/75\/revisions\/233"}],"up":[{"embeddable":true,"href":"http:\/\/www.ch-ro.nl\/index.php?rest_route=\/wp\/v2\/pages\/81"}],"wp:attachment":[{"href":"http:\/\/www.ch-ro.nl\/index.php?rest_route=%2Fwp%2Fv2%2Fmedia&parent=75"}],"curies":[{"name":"wp","href":"https:\/\/api.w.org\/{rel}","templated":true}]}}